{"id":207,"date":"2019-03-13T21:25:59","date_gmt":"2019-03-13T20:25:59","guid":{"rendered":"http:\/\/taxaktual.hu\/?page_id=207"},"modified":"2019-03-13T21:25:59","modified_gmt":"2019-03-13T20:25:59","slug":"kata-es-tamogatasok","status":"publish","type":"page","link":"http:\/\/taxaktual.hu\/index.php\/jo-tudni\/kata-es-tamogatasok\/","title":{"rendered":"\u201eKATA\u201d \u00c9S T\u00c1MOGAT\u00c1SOK"},"content":{"rendered":"<p>&#8222;Kat\u00e1s egy\u00e9ni v\u00e1llalkoz\u00f3k\u00e9nt bev\u00e9telnek sz\u00e1m\u00edtanak-e az al\u00e1bbi t\u00e1mogat\u00e1sok:<br \/>\n\u2013 ter\u00fcletalap\u00fa t\u00e1mogat\u00e1s,<br \/>\n\u2013 extenz\u00edv gy\u00fcm\u00f6lcstermeszt\u00e9s t\u00e1mogat\u00e1sa,<br \/>\n\u2013 z\u00f6ld\u00edt\u00e9s t\u00e1mogat\u00e1s,<br \/>\n\u2013 VP-M10.1.1 Agr\u00e1r k\u00f6rnyezetgazd\u00e1lkod\u00e1s t\u00e1mogat\u00e1sa,<br \/>\n\u2013 VP-M06.1.1 Fiatal mez\u0151gazdas\u00e1gi termel\u0151k t\u00e1mogat\u00e1sa,<br \/>\n\u2013 VP-M04.1.3.5. Kert\u00e9szeti g\u00e9pbeszerz\u00e9s t\u00e1mogat\u00e1sa?&#8221;<\/p>\n<p><strong>SZAK\u00c9RT\u0150NK V\u00c1LASZA:<\/strong><strong><\/p>\n<p><\/strong>Az egyes ad\u00f3t\u00f6rv\u00e9nyek \u00e9s m\u00e1s kapcsol\u00f3d\u00f3 t\u00f6rv\u00e9nyek m\u00f3dos\u00edt\u00e1s\u00e1r\u00f3l \u00e9s a bev\u00e1ndorl\u00e1si k\u00fcl\u00f6nad\u00f3r\u00f3l sz\u00f3l\u00f3 2018. \u00e9vi XLI. t\u00f6rv\u00e9ny 2019. janu\u00e1r 1-j\u00e9t\u0151l m\u00f3dos\u00edtotta\u00a0a k\u00f6lts\u00e9gek fedezet\u00e9re vagy fejleszt\u00e9si c\u00e9lra foly\u00f3s\u00edtott t\u00e1mogat\u00e1s fogalm\u00e1t a szem\u00e9lyi j\u00f6vedelemad\u00f3 \u00e9s a kisad\u00f3z\u00f3 v\u00e1llalkoz\u00e1sok t\u00e9teles ad\u00f3ja rendszer\u00e9ben.<\/p>\n<p>1.\u00a0A szem\u00e9lyi j\u00f6vedelemad\u00f3r\u00f3l sz\u00f3l\u00f3 1995. \u00e9vi CXVII. t\u00f6rv\u00e9ny\u00a02019. janu\u00e1r 1-j\u00e9t\u0151l m\u00f3dos\u00edtott 3. \u00a7 42. pontja alapj\u00e1n k\u00f6lts\u00e9gek fedezet\u00e9re vagy fejleszt\u00e9si c\u00e9lra foly\u00f3s\u00edtott t\u00e1mogat\u00e1snak az olyan jogszab\u00e1ly vagy nemzetk\u00f6zi szerz\u0151d\u00e9s alapj\u00e1n foly\u00f3s\u00edtott t\u00e1mogat\u00e1s min\u0151s\u00fcl, amelyet a mag\u00e1nszem\u00e9ly kiz\u00e1r\u00f3lag a t\u00e9nylegesen felmer\u00fclt, igazolt kiad\u00e1sainak<\/p>\n<p>\u203a a foly\u00f3s\u00edt\u00f3val t\u00f6rt\u00e9n\u0151 elsz\u00e1mol\u00e1si k\u00f6telezetts\u00e9ge mellett, vagy<\/p>\n<p>\u203a a tev\u00e9kenys\u00e9g megval\u00f3sul\u00e1s\u00e1nak ellen\u0151rz\u00e9s\u00e9t k\u00f6vet\u0151en kap, tov\u00e1bb\u00e1<\/p>\n<p>\u203a az Eur\u00f3pai Mez\u0151gazdas\u00e1gi \u00e9s Vid\u00e9kfejleszt\u00e9si Alapb\u00f3l t\u00e1rsfinansz\u00edrozott, a fiatal mez\u0151gazdas\u00e1gi termel\u0151k indul\u00e1s\u00e1hoz, gazdas\u00e1galap\u00edt\u00e1s\u00e1hoz ny\u00fajtand\u00f3 t\u00e1mogat\u00e1sok is e k\u00f6rbe tartoznak.<\/p>\n<p>Az egyes ad\u00f3t\u00f6rv\u00e9nyek uni\u00f3s k\u00f6telezetts\u00e9gekhez kapcsol\u00f3d\u00f3, valamint egyes t\u00f6rv\u00e9nyek ad\u00f3igazgat\u00e1si t\u00e1rgy\u00fa m\u00f3dos\u00edt\u00e1s\u00e1r\u00f3l sz\u00f3l\u00f3 2018. \u00e9vi LXXXII. t\u00f6rv\u00e9ny \u00e1tmeneti rendelkez\u00e9se alapj\u00e1n a m\u00f3dos\u00edtott fogalom a 2016. janu\u00e1r 1-j\u00e9t k\u00f6vet\u0151en keletkezett bev\u00e9telre is alkalmazhat\u00f3.<\/p>\n<p>A 2018. \u00e9vi XLI. t\u00f6rv\u00e9ny 2019. janu\u00e1r 1-j\u00e9t\u0151l ezzel p\u00e1rhuzamosan m\u00f3dos\u00edtotta\u00a0a kisad\u00f3z\u00f3 v\u00e1llalkoz\u00e1sok t\u00e9teles ad\u00f3j\u00e1r\u00f3l \u00e9s a kisv\u00e1llalati ad\u00f3r\u00f3l sz\u00f3l\u00f3 2012. \u00e9vi CXLVII. t\u00f6rv\u00e9ny 2. \u00a7 22. pontja szerinti, a k\u00f6lts\u00e9gek fedezet\u00e9re vagy fejleszt\u00e9si c\u00e9lra foly\u00f3s\u00edtott t\u00e1mogat\u00e1sra vonatkoz\u00f3 \u00e9rtelmez\u0151 rendelkez\u00e9st, \u00edgy a kisad\u00f3z\u00f3 v\u00e1llalkoz\u00e1sok eset\u00e9ben a fenti t\u00e1mogat\u00e1sokat szint\u00e9n k\u00f6lts\u00e9gek fedezet\u00e9re vagy fejleszt\u00e9si c\u00e9lra foly\u00f3s\u00edtott t\u00e1mogat\u00e1snak lehet tekinteni. \u00c1tmeneti rendelkez\u00e9s alapj\u00e1n ez a fogalom alkalmazhat\u00f3 a 2016. janu\u00e1r 1-j\u00e9t k\u00f6vet\u0151en foly\u00f3s\u00edtott t\u00e1mogat\u00e1sokra a kat\u00e1sok eset\u00e9ben is.<\/p>\n<p><strong>Mindezek alapj\u00e1n:<\/strong><\/p>\n<p>A ter\u00fcletalap\u00fa t\u00e1mogat\u00e1s nem tekinthet\u0151 k\u00f6lts\u00e9gek fedezet\u00e9re \u00e9s\/vagy fejleszt\u00e9si c\u00e9lb\u00f3l adott t\u00e1mogat\u00e1snak, ennek a t\u00e1mogat\u00e1snak a l\u00e9nyege a f\u00f6ld megl\u00e9te, \u00edgy ennek a t\u00e1mogat\u00e1snak az \u00f6sszege kat\u00e1s bev\u00e9tel.<\/p>\n<p>A fiatal gazd\u00e1k indul\u00f3 t\u00e1mogat\u00e1sa k\u00f6lts\u00e9gek fedezet\u00e9re adott t\u00e1mogat\u00e1snak min\u0151s\u00fcl, teh\u00e1t nem bev\u00e9tel.<\/p>\n<p>Az agr\u00e1r k\u00f6rnyezetgazd\u00e1lkod\u00e1s t\u00e1mogat\u00e1sa a 61\/2009. (V. 14.) FVM rendelet alapj\u00e1n t\u00f6rt\u00e9nhet a II. fejezetben foglalt c\u00e9lprogram szerint. A t\u00e1mogat\u00e1s a t\u00f6bbletk\u00f6lts\u00e9geket \u00e9s az elmaradt bev\u00e9tel ellent\u00e9telez\u00e9s\u00e9t szolg\u00e1lja, \u00edgy \u00e1ll\u00e1spontom szerint kat\u00e1s bev\u00e9tel.<\/p>\n<p>A kert\u00e9szeti g\u00e9pbeszerz\u00e9s t\u00e1mogat\u00e1sa a ki\u00edrt p\u00e1ly\u00e1zat alapj\u00e1n k\u00f6lts\u00e9gek fedezet\u00e9re adott t\u00e1mogat\u00e1snak min\u0151s\u00fcl v\u00e9lem\u00e9nyem szerint, \u00edgy nem kat\u00e1s bev\u00e9tel.<\/p>\n<p>Extenz\u00edv gy\u00fcm\u00f6lcstermeszt\u00e9s t\u00e1mogat\u00e1s a 9\/2015. (III. 13.) FM rendelet alapj\u00e1n ig\u00e9nyelhet\u0151, amely \u00e1ll\u00e1spontom szerint kat\u00e1s bev\u00e9telnek min\u0151s\u00fcl, mivel a visszafogott termeszt\u00e9sre tekintettel bev\u00e9telt p\u00f3tol.<\/p>\n<p>A z\u00f6ld\u00edt\u00e9s t\u00e1mogat\u00e1sa a 9\/2015 (III. 13.) FM rendelet alapj\u00e1n t\u00f6rt\u00e9nik, ami v\u00e9lem\u00e9nyem szerint bev\u00e9telt p\u00f3tl\u00f3 egy\u00e9b t\u00e1mogat\u00e1s, teh\u00e1t kat\u00e1s bev\u00e9telnek min\u0151s\u00fcl.<\/p>\n","protected":false},"excerpt":{"rendered":"<p>&#8222;Kat\u00e1s egy\u00e9ni v\u00e1llalkoz\u00f3k\u00e9nt bev\u00e9telnek sz\u00e1m\u00edtanak-e az al\u00e1bbi t\u00e1mogat\u00e1sok: \u2013 ter\u00fcletalap\u00fa t\u00e1mogat\u00e1s, \u2013 extenz\u00edv gy\u00fcm\u00f6lcstermeszt\u00e9s t\u00e1mogat\u00e1sa, \u2013 z\u00f6ld\u00edt\u00e9s t\u00e1mogat\u00e1s, \u2013 VP-M10.1.1[&#8230;]<\/p>\n","protected":false},"author":1,"featured_media":0,"parent":51,"menu_order":0,"comment_status":"closed","ping_status":"closed","template":"","meta":{"footnotes":""},"class_list":["post-207","page","type-page","status-publish","hentry"],"_links":{"self":[{"href":"http:\/\/taxaktual.hu\/index.php\/wp-json\/wp\/v2\/pages\/207","targetHints":{"allow":["GET"]}}],"collection":[{"href":"http:\/\/taxaktual.hu\/index.php\/wp-json\/wp\/v2\/pages"}],"about":[{"href":"http:\/\/taxaktual.hu\/index.php\/wp-json\/wp\/v2\/types\/page"}],"author":[{"embeddable":true,"href":"http:\/\/taxaktual.hu\/index.php\/wp-json\/wp\/v2\/users\/1"}],"replies":[{"embeddable":true,"href":"http:\/\/taxaktual.hu\/index.php\/wp-json\/wp\/v2\/comments?post=207"}],"version-history":[{"count":1,"href":"http:\/\/taxaktual.hu\/index.php\/wp-json\/wp\/v2\/pages\/207\/revisions"}],"predecessor-version":[{"id":208,"href":"http:\/\/taxaktual.hu\/index.php\/wp-json\/wp\/v2\/pages\/207\/revisions\/208"}],"up":[{"embeddable":true,"href":"http:\/\/taxaktual.hu\/index.php\/wp-json\/wp\/v2\/pages\/51"}],"wp:attachment":[{"href":"http:\/\/taxaktual.hu\/index.php\/wp-json\/wp\/v2\/media?parent=207"}],"curies":[{"name":"wp","href":"https:\/\/api.w.org\/{rel}","templated":true}]}}