{"id":213,"date":"2019-03-13T21:55:03","date_gmt":"2019-03-13T20:55:03","guid":{"rendered":"http:\/\/taxaktual.hu\/?page_id=213"},"modified":"2019-03-13T22:19:30","modified_gmt":"2019-03-13T21:19:30","slug":"tajekoztatas-elektronikus-kapcsolattartasrol","status":"publish","type":"page","link":"http:\/\/taxaktual.hu\/index.php\/jo-tudni\/tajekoztatas-elektronikus-kapcsolattartasrol\/","title":{"rendered":"T\u00e1j\u00e9koztat\u00e1s elektronikus kapcsolattart\u00e1sr\u00f3l"},"content":{"rendered":"<p>T\u00e1j\u00e9koztat\u00e1s elektronikus kapcsolattart\u00e1sr\u00f3l, az ad\u00f3foly\u00f3sz\u00e1mla lek\u00e9rdez\u00e9s\u00e9r\u0151l \u00e9s az ad\u00f3 megfizet\u00e9s\u00e9nek m\u00f3dj\u00e1r\u00f3l.<br \/>\nAz al\u00e1bbi dokumentum nagy\u00edt\u00e1s\u00e1hoz kattintson <a href=\"http:\/\/taxaktual.hu\/wp-content\/uploads\/2019\/03\/T\u00e1j\u00e9koztat\u00e1s-elektronikus-kapcsolattart\u00e1sr\u00f3l.pdf\" target=\"_blank\" rel=\"noopener noreferrer\"><span style=\"color: #ff0000;\"><strong>itt<\/strong><\/span><\/a> vagy a k\u00e9pre!<\/p>\n<p><a href=\"http:\/\/taxaktual.hu\/wp-content\/uploads\/2019\/03\/T\u00e1j\u00e9koztat\u00e1s-elektronikus-kapcsolattart\u00e1sr\u00f3l.pdf\" target=\"_blank\" rel=\"noopener noreferrer\"><img loading=\"lazy\" decoding=\"async\" class=\"alignnone size-medium wp-image-221\" src=\"http:\/\/taxaktual.hu\/wp-content\/uploads\/2019\/03\/T\u00e1j\u00e9koztat\u00e1s-elektronikus-kapcsolattart\u00e1sr\u00f3l.i-210x300.jpg\" alt=\"\" width=\"210\" height=\"300\" srcset=\"http:\/\/taxaktual.hu\/wp-content\/uploads\/2019\/03\/T\u00e1j\u00e9koztat\u00e1s-elektronikus-kapcsolattart\u00e1sr\u00f3l.i-210x300.jpg 210w, http:\/\/taxaktual.hu\/wp-content\/uploads\/2019\/03\/T\u00e1j\u00e9koztat\u00e1s-elektronikus-kapcsolattart\u00e1sr\u00f3l.i.jpg 417w\" sizes=\"auto, (max-width: 210px) 100vw, 210px\" \/><\/a><\/p>\n<p>&nbsp;<\/p>\n<p><strong>Amit az \u00d6nkorm\u00e1nyzati Hivatali Port\u00e1lr\u00f3l tudni kell<\/strong><\/p>\n<p>Az \u00d6nkorm\u00e1nyzati Hivatali Port\u00e1l (tov\u00e1bbiakban: Port\u00e1l) az \u00f6nkorm\u00e1nyzati ASP<br \/>\nrendszerben az elektronikus \u00f6nkorm\u00e1nyzati \u00fcgyint\u00e9z\u00e9s helysz\u00edne.<br \/>\nA Port\u00e1l az \u00f6nkorm\u00e1nyzati ASP rendszert ig\u00e9nybe vev\u0151 \u00f6nkorm\u00e1nyzatok term\u00e9szetes<br \/>\nszem\u00e9ly \u00e9s jogi szem\u00e9ly \u00fcgyfelei sz\u00e1m\u00e1ra egyar\u00e1nt lehet\u0151s\u00e9get biztos\u00edt a<br \/>\nszakrendszeri alkalmaz\u00e1sokhoz kialak\u00edtott, elektronikusan el\u00e9rhet\u0151 szolg\u00e1ltat\u00e1sok<br \/>\nig\u00e9nybe v\u00e9tel\u00e9re.<br \/>\nIg\u00e9nybe vehet\u0151 elektronikus \u00fcgyint\u00e9z\u00e9si szolg\u00e1ltat\u00e1sok<\/p>\n<p><strong>Ad\u00f3egyenleg lek\u00e9rdez\u00e9s<\/strong><br \/>\nAz \u00fcgyf\u00e9l lek\u00e9rheti adott telep\u00fcl\u00e9shez tartoz\u00f3 helyi ad\u00f3 egyenleg\u00e9t. Az egyenleg<br \/>\nlek\u00e9rdez\u00e9s\u00e9hez a felhaszn\u00e1l\u00f3nak a KA\u00dc-s azonos\u00edt\u00e1s ut\u00e1n meg kell adnia az<br \/>\nad\u00f3azonos\u00edt\u00f3 jel\u00e9t, vagy ad\u00f3sz\u00e1m\u00e1t is. Azonos\u00edt\u00e1s ut\u00e1n a felhaszn\u00e1l\u00f3 lek\u00e9rdezheti az<br \/>\nadott \u00f6nkorm\u00e1nyzati ad\u00f3hat\u00f3s\u00e1gn\u00e1l fenn\u00e1ll\u00f3 szem\u00e9lyes ad\u00f3egyenleg\u00e9t, vagy<br \/>\nk\u00e9pviseleti joggal felruh\u00e1zott szem\u00e9lyk\u00e9nt azon (term\u00e9szetes vagy jogi) szem\u00e9lyek<br \/>\negyenleg\u00e9t, amelyekkel kapcsolatban az \u00f6nkorm\u00e1nyzatn\u00e1l jogosult elj\u00e1rni.<\/p>\n<p><strong>\u00dcgyk\u00f6vet\u00e9s<\/strong><br \/>\nA bejelentkezett felhaszn\u00e1l\u00f3k lek\u00e9rdezhetik az \u00e1ltaluk az ASP \u00d6nkorm\u00e1nyzati Hivatali<br \/>\nPort\u00e1l fel\u00fclet\u00e9n elektronikusan ind\u00edtott helyi \u00f6nkorm\u00e1nyzati \u00fcgyek st\u00e1tusz\u00e1t is. Az<br \/>\nalkalmaz\u00e1s lehet\u0151s\u00e9get biztos\u00edt az \u00fcgyfelek sz\u00e1m\u00e1ra az \u00fcgyint\u00e9z\u00e9si folyamat<br \/>\ninterneten kereszt\u00fcli nyomon k\u00f6vet\u00e9s\u00e9re.<\/p>\n<p><strong>\u00dcgyind\u00edt\u00e1s<\/strong><br \/>\nAz \u00fcgyind\u00edt\u00e1s egy elektronikus \u0171rlap beny\u00fajt\u00e1s\u00e1t jelenti. A telep\u00fcl\u00e9s \u00e9s az \u00fcgy<br \/>\nkiv\u00e1laszt\u00e1sa ut\u00e1n az \u0171rlapkit\u00f6lt\u0151 alkalmaz\u00e1s seg\u00edts\u00e9g\u00e9vel az \u00fcgyf\u00e9l kit\u00f6lti az \u0171rlapot,<br \/>\nmajd bek\u00fcldi a telep\u00fcl\u00e9si \u00f6nkorm\u00e1nyzat hivatali t\u00e1rhely\u00e9re. A c\u00edmzett \u00f6nkorm\u00e1nyzat<br \/>\niratkezel\u0151je \u00e9rkezteti a beny\u00fajtott \u0171rlapot \u00e9s iktat\u00e1s ut\u00e1n beker\u00fcl a megfelel\u0151<br \/>\nszakrendszerbe vagy eljut az \u00fcgyint\u00e9z\u0151h\u00f6z. Jelenleg az \u00f6nkorm\u00e1nyzat ad\u00f3, ipar-, \u00e9s<br \/>\nkereskedelmi, hagyat\u00e9ki lelt\u00e1r, birtokv\u00e9delmi, anyak\u00f6nyvi \u00e9s szoci\u00e1lis \u00fcgyei<br \/>\nt\u00e1mogatottak szakrendszeri fejleszt\u00e9sekkel az \u00f6nkorm\u00e1nyzati ASP rendszeren<br \/>\nkereszt\u00fcl, de az \u00fan. e-Pap\u00edr szolg\u00e1ltat\u00e1s seg\u00edts\u00e9g\u00e9vel b\u00e1rmilyen ezen k\u00edv\u00fcli \u00fcgy<br \/>\nelektronikusan ind\u00edthat\u00f3. Az \u00fcgyind\u00edt\u00e1s bejelentkez\u00e9shez \u00e9s regisztr\u00e1ci\u00f3hoz k\u00f6t\u00f6tt<br \/>\nszolg\u00e1ltat\u00e1s, ennek hi\u00e1ny\u00e1ban az \u0171rlap legfeljebb csak nyomtathat\u00f3 \u00e9s pap\u00edr alapon<br \/>\nny\u00fajthat\u00f3 be.<\/p>\n<p><strong>Az e-Pap\u00edr szolg\u00e1ltat\u00e1s ITT \u00e9rhet\u0151 el.<\/strong><\/p>\n<p><strong>Regisztr\u00e1ci\u00f3, szolg\u00e1ltat\u00e1s ig\u00e9nybev\u00e9tele<\/strong><br \/>\nA Port\u00e1l b\u00e1rki sz\u00e1m\u00e1ra el\u00e9rhet\u0151, egyes funkci\u00f3k szabadon haszn\u00e1lhat\u00f3k, m\u00e1s funkci\u00f3k<br \/>\nazonban regisztr\u00e1ci\u00f3hoz k\u00f6t\u00f6ttek. Az azonos\u00edt\u00e1s a KA\u00dc ig\u00e9nybev\u00e9tel\u00e9vel t\u00f6rt\u00e9nik. Az<br \/>\nels\u0151 bel\u00e9p\u00e9skor l\u00e9trej\u00f6n az ASP elektronikus \u00fcgyf\u00e9l szem\u00e9lyes fi\u00f3kja, amelyben<br \/>\nszem\u00e9lyre szabott be\u00e1ll\u00edt\u00e1sok \u00e9s adatok adhat\u00f3k meg. Ezek k\u00e9s\u0151bb m\u00f3dos\u00edthat\u00f3k.<br \/>\nAz ASP k\u00f6zpont \u00fcgyf\u00e9loldali szolg\u00e1ltat\u00e1sai a Port\u00e1lon kereszt\u00fcl vehet\u0151k ig\u00e9nybe. Az<br \/>\n\u00fcgyfeleknek ki kell v\u00e1lasztaniuk, hogy melyik, az ASP k\u00f6zponthoz csatlakozott<br \/>\ntelep\u00fcl\u00e9sen szeretn\u00e9nek \u00fcgyet int\u00e9zni, ezut\u00e1n vehetik ig\u00e9nybe az ASP szakrendszerek<br \/>\nk\u00edn\u00e1lta \u00fcgyint\u00e9z\u00e9si lehet\u0151s\u00e9geket. Az \u00fcgyfelek sz\u00e1m\u00e1ra ny\u00fajtott \u00fcgyint\u00e9z\u00e9si<br \/>\nszolg\u00e1ltat\u00e1sok k\u00f6re telep\u00fcl\u00e9senk\u00e9nt elt\u00e9rhet.<\/p>\n<p><strong>Figyelem!<\/strong> A KA\u00dc-azonos\u00edt\u00e1ssal el\u00e9rhet\u0151 fel\u00fcleten a munkamenet elt\u00e9r az eddig<br \/>\nmegszokott\u00f3l. A munkamenet a bejelentkez\u00e9st\u0151l sz\u00e1m\u00edtott inaktivit\u00e1si id\u0151t veszi<br \/>\nfigyelembe (30 perc). A KA\u00dc munkamenet \u00e9lettartama azonban enn\u00e9l j\u00f3val hosszabb,<br \/>\na bejelentkez\u00e9st\u0151l sz\u00e1m\u00edtva 240 perc, aktivit\u00e1st\u00f3l, azaz az oldalon v\u00e9gzett<br \/>\ntev\u00e9kenys\u00e9gt\u0151l f\u00fcggetlen\u00fcl. Ez azt jelenti, hogy amennyiben \u00d6n bejelentkezett, \u00e9s 30<br \/>\nperce nem v\u00e9gez semmilyen m\u0171veletet az oldalon, de a KA\u00dc 240 perces \u00e9lettartam<br \/>\nm\u00e9g nem j\u00e1rt le, a rendszer ugyan figyelmezteti \u00d6nt a munkamenet lej\u00e1rt\u00e1ra, de<br \/>\nmunk\u00e1j\u00e1t a 30 perc letelt\u00e9vel an\u00e9lk\u00fcl folytathatja, hogy ism\u00e9telten meg kellene adnia<br \/>\naz azonos\u00edt\u00f3it. Amennyiben az \u00d6n bejelentkez\u00e9se \u00f3ta m\u00e1r eltelt 240 perc, abban az<br \/>\nesetben \u2013 tev\u00e9kenys\u00e9g\u00e9nek folytat\u00e1s\u00e1hoz \u2013 a rendszer \u00fajb\u00f3li azonos\u00edt\u00e1st k\u00e9r.<br \/>\nFentiek miatt felh\u00edvjuk sz\u00edves figyelm\u00e9t, hogy amennyiben nem k\u00edv\u00e1nja tov\u00e1bb<br \/>\nhaszn\u00e1lni a szolg\u00e1ltat\u00e1st, \u2013 adatainak biztons\u00e1ga v\u00e9delm\u00e9ben \u2013 ne a b\u00f6ng\u00e9sz\u0151ablakot<br \/>\nz\u00e1rja be, hanem mindig kattintson Kijelentkez\u00e9s gombra.<\/p>\n<p><strong>B\u00f6ng\u00e9sz\u0151program, internet hozz\u00e1f\u00e9r\u00e9s<\/strong><br \/>\nAz oldal megtekint\u00e9s\u00e9hez b\u00f6ng\u00e9sz\u0151program (Internet Explorer, Chrome, Firefox,<br \/>\nSafari, stb.) \u00e9s internet hozz\u00e1f\u00e9r\u00e9s sz\u00fcks\u00e9ges, a port\u00e1l \u00e9s a szolg\u00e1ltat\u00e1sai haszn\u00e1lata<br \/>\negy\u00e9b alkalmaz\u00e1s telep\u00edt\u00e9s\u00e9t nem ig\u00e9nyli.<\/p>\n<p>Forr\u00e1s: https:\/\/ohp-20.asp.lgov.hu\/tajekoztato<\/p>\n","protected":false},"excerpt":{"rendered":"<p>T\u00e1j\u00e9koztat\u00e1s elektronikus kapcsolattart\u00e1sr\u00f3l, az ad\u00f3foly\u00f3sz\u00e1mla lek\u00e9rdez\u00e9s\u00e9r\u0151l \u00e9s az ad\u00f3 megfizet\u00e9s\u00e9nek m\u00f3dj\u00e1r\u00f3l. Az al\u00e1bbi dokumentum nagy\u00edt\u00e1s\u00e1hoz kattintson itt vagy a k\u00e9pre![&#8230;]<\/p>\n","protected":false},"author":1,"featured_media":0,"parent":51,"menu_order":0,"comment_status":"closed","ping_status":"closed","template":"","meta":{"footnotes":""},"class_list":["post-213","page","type-page","status-publish","hentry"],"_links":{"self":[{"href":"http:\/\/taxaktual.hu\/index.php\/wp-json\/wp\/v2\/pages\/213","targetHints":{"allow":["GET"]}}],"collection":[{"href":"http:\/\/taxaktual.hu\/index.php\/wp-json\/wp\/v2\/pages"}],"about":[{"href":"http:\/\/taxaktual.hu\/index.php\/wp-json\/wp\/v2\/types\/page"}],"author":[{"embeddable":true,"href":"http:\/\/taxaktual.hu\/index.php\/wp-json\/wp\/v2\/users\/1"}],"replies":[{"embeddable":true,"href":"http:\/\/taxaktual.hu\/index.php\/wp-json\/wp\/v2\/comments?post=213"}],"version-history":[{"count":4,"href":"http:\/\/taxaktual.hu\/index.php\/wp-json\/wp\/v2\/pages\/213\/revisions"}],"predecessor-version":[{"id":223,"href":"http:\/\/taxaktual.hu\/index.php\/wp-json\/wp\/v2\/pages\/213\/revisions\/223"}],"up":[{"embeddable":true,"href":"http:\/\/taxaktual.hu\/index.php\/wp-json\/wp\/v2\/pages\/51"}],"wp:attachment":[{"href":"http:\/\/taxaktual.hu\/index.php\/wp-json\/wp\/v2\/media?parent=213"}],"curies":[{"name":"wp","href":"https:\/\/api.w.org\/{rel}","templated":true}]}}