{"id":51,"date":"2017-01-15T20:17:59","date_gmt":"2017-01-15T19:17:59","guid":{"rendered":"http:\/\/taxaktual.hu\/?page_id=51"},"modified":"2020-12-07T22:54:28","modified_gmt":"2020-12-07T21:54:28","slug":"jo-tudni","status":"publish","type":"page","link":"http:\/\/taxaktual.hu\/index.php\/jo-tudni\/","title":{"rendered":"Hasznos linkek!"},"content":{"rendered":"<p><strong>Kij\u00e1r\u00e1si tilalom alatti munkav\u00e9gz\u00e9sr\u0151l sz\u00f3l\u00f3 igazol\u00e1s &#8211; let\u00f6lthet\u0151 igazol\u00e1s minta<br \/>\n<\/strong>* <a href=\"https:\/\/koronavirus.gov.hu\/sites\/default\/files\/sites\/default\/files\/imce\/munkaltatoi_igazolas_0.doc\" target=\"_blank\" rel=\"noopener noreferrer\">Word form\u00e1tum<\/a><br \/>\n* <a href=\"https:\/\/koronavirus.gov.hu\/sites\/default\/files\/sites\/default\/files\/imce\/munkaltatoi_igazolas.pdf\" target=\"_blank\" rel=\"noopener noreferrer\">PDF form\u00e1tum<\/a><\/p>\n<p><a href=\"https:\/\/ohp-20.asp.lgov.hu\/kereses\" target=\"_blank\" rel=\"noopener noreferrer\">\u00d6NKORM\u00c1NYZATI PORT\u00c1L<\/a><\/p>\n<p><a href=\"https:\/\/nav.gov.hu\/\" target=\"_blank\" rel=\"noopener noreferrer\">NAV<\/a><br \/>\n<a href=\"https:\/\/nav.gov.hu\/nav\/multilekerdezo\" target=\"_blank\" rel=\"noopener noreferrer\">T\u00f6bb adatb\u00e1zis egy\u00fcttes lek\u00e9rdez\u0151je<\/a><br \/>\n<a href=\"https:\/\/www.nyilvantarto.hu\/evny-lekerdezo\/\" target=\"_blank\" rel=\"noopener noreferrer\">Egy\u00e9ni v\u00e1llalkoz\u00f3k nyilv\u00e1ntart\u00e1sa<\/a><br \/>\n<a href=\"https:\/\/www.e-cegjegyzek.hu\/\" target=\"_blank\" rel=\"noopener noreferrer\">C\u00e9gkeres\u00e9s<\/a><br \/>\n<a href=\"https:\/\/nav.gov.hu\/nav\/adatbazisok\/adatbleker\">Ad\u00f3alanyok lek\u00e9rdez\u00e9se<\/a><br \/>\n<a href=\"https:\/\/nav.gov.hu\/nav\/adatbazisok\/koztartozasmentes\/egyszeru_lekerdezes\" target=\"_blank\" rel=\"noopener noreferrer\">NAV k\u00f6ztartoz\u00e1smentes adatb\u00e1zis<\/a><br \/>\n<a href=\"https:\/\/europa.eu\/youreurope\/business\/vat-customs\/check-number-vies\/index_hu.htm\" target=\"_blank\" rel=\"noopener noreferrer\">K\u00f6z\u00f6ss\u00e9gi ad\u00f3sz\u00e1m ellen\u0151rz\u00e9se<\/a><\/p>\n<p><a href=\"https:\/\/net.jogtar.hu\/\" target=\"_blank\" rel=\"noopener noreferrer\">Jogszab\u00e1ly keres\u00e9s<\/a><br \/>\n<a href=\"https:\/\/nav.gov.hu\/data\/cms482395\/SZAMLA_Internet_20200924.pdf\" target=\"_blank\" rel=\"noopener noreferrer\">NAV sz\u00e1mlasz\u00e1mok<\/a><br \/>\n<a href=\"https:\/\/nav.gov.hu\/nav\/szolgaltatasok\/szamlaszamok\/szamlaszamok\" target=\"_blank\" rel=\"noopener noreferrer\">NAV t\u00f6r\u00f6lt vagy felf\u00fcggesztett ad\u00f3sz\u00e1mok<\/a><\/p>\n<p><a href=\"https:\/\/epapir.gov.hu\/\" target=\"_blank\" rel=\"noopener noreferrer\">epap\u00edr<\/a><br \/>\n<a href=\"https:\/\/magyarorszag.hu\/\" target=\"_blank\" rel=\"noopener noreferrer\">magyarorsz\u00e1g.hu<\/a><br \/>\n<a href=\"https:\/\/ugyfelkapu.gov.hu\/\" target=\"_blank\" rel=\"noopener noreferrer\">\u00fcgyf\u00e9lkapu<\/a><br \/>\n<a href=\"https:\/\/tarhely.gov.hu\/levelezes\/uzenetek\/feltoltes\/allampolgar\" target=\"_blank\" rel=\"noopener noreferrer\">t\u00e1rhely<\/a><br \/>\n<a href=\"https:\/\/onlineszamla.nav.gov.hu\/\" target=\"_blank\" rel=\"noopener noreferrer\">onlinesz\u00e1mla.nav.gov<\/a><br \/>\n<a href=\"https:\/\/e-kerelem.mvh.allamkincstar.gov.hu\/enter\/index.xhtml\" target=\"_blank\" rel=\"noopener noreferrer\">MVH foly\u00f3sz\u00e1mla<\/a><br \/>\n<a href=\"http:\/\/www.ksh.hu\/\" target=\"_blank\" rel=\"noopener noreferrer\">KSH<\/a><br \/>\n<a href=\"http:\/\/www.neak.gov.hu\/\" target=\"_blank\" rel=\"noopener noreferrer\">NEAK (OEP)<\/a><\/p>\n<p><a href=\"https:\/\/www.nav.gov.hu\/nav\/szolgaltatasok\/uzemanyag\/uzemanyagarak\" target=\"_blank\" rel=\"noopener noreferrer\">\u00dczemanyag \u00e1rak<\/a><br \/>\n<a href=\"https:\/\/www.nav.gov.hu\/nav\/szolgaltatasok\/uzemanyag\/fogyaszt_normak\/gjnorma.html\" target=\"_blank\" rel=\"noopener noreferrer\">J\u00e1rm\u0171vek \u00fczemanyagfogyaszt\u00e1si norm\u00e1ja<\/a><\/p>\n<p><a href=\"http:\/\/taxaktual.hu\/wp-content\/uploads\/2020\/12\/Penztargepre-kotelezett-tevekenysegek.pdf\" target=\"_blank\" rel=\"noopener noreferrer\">P\u00e9nzt\u00e1rg\u00e9pre k\u00f6telezett tev\u00e9kenys\u00e9gek. <\/a><strong><span style=\"color: #ff0000;\"><a style=\"color: #ff0000;\" href=\"https:\/\/net.jogtar.hu\/jogszabaly?docid=a1300048.ngm\" target=\"_blank\" rel=\"noopener noreferrer\">\u00a0 A rendelet!<\/a><\/span><\/strong><br \/>\n<a href=\"http:\/\/taxaktual.hu\/wp-content\/uploads\/2020\/12\/Ki_kotelezett_penztargeppel__taxameterrel_teljesiteni_a_nyugtaadasi_kotelezettseget.pdf\" target=\"_blank\" rel=\"noopener noreferrer\">Ki k\u00f6telezett p\u00e9nzt\u00e1rg\u00e9ppel, taxam\u00e9terrel teljes\u00edteni a nyugtaad\u00e1si k\u00f6telezetts\u00e9g\u00e9t<\/a><\/p>\n<p><a href=\"https:\/\/www.ksh.hu\/teaor_menu\" target=\"_blank\" rel=\"noopener noreferrer\">TEAOR sz\u00e1mok<\/a><br \/>\n<a href=\"https:\/\/www.ksh.hu\/teaor_kereso\" target=\"_blank\" rel=\"noopener noreferrer\">TE\u00c1OR\u201908 keres\u0151program<\/a><\/p>\n<p><a href=\"https:\/\/eur-lex.europa.eu\/legal-content\/HU\/TXT\/PDF\/?uri=CELEX:32019R1776&amp;from=HU\" target=\"_blank\" rel=\"noopener noreferrer\">Kombin\u00e1lt N\u00f3menklat\u00fara, 2020 (VTSZ)<\/a><br \/>\n<a href=\"https:\/\/www.ksh.hu\/docs\/adatgyujtesek\/intrastat\/kn8_2020.xlsx\" target=\"_blank\" rel=\"noopener noreferrer\">KN8_2020 (VTSZ .xls)<\/a><br \/>\n<a href=\"https:\/\/www.ksh.hu\/intrastat_kombinalt_nomenklatura\" target=\"_blank\" rel=\"noopener noreferrer\">Kombin\u00e1lt n\u00f3menklat\u00fara<\/a><\/p>\n<p><a href=\"http:\/\/taxaktual.hu\/index.php\/jo-tudni\/tajekoztatas-elektronikus-kapcsolattartasrol\/\">T\u00e1j\u00e9koztat\u00e1s elektronikus kapcsolattart\u00e1sr\u00f3l<\/a><br \/>\n<a href=\"http:\/\/taxaktual.hu\/index.php\/jo-tudni\/kata-es-tamogatasok\/\">&#8222;KATA&#8221; \u00e9s a t\u00e1mogat\u00e1sok<\/a><\/p>\n<p>&nbsp;<\/p>\n<hr \/>\n<p>T\u00f6rv\u00e9nyek:<br \/>\n<a href=\"http:\/\/net.jogtar.hu\/jr\/gen\/hjegy_doc.cgi?docid=99000100.TV\" target=\"_blank\" rel=\"noopener noreferrer\">1990. \u00e9vi C. t\u00f6rv\u00e9ny<\/a>\u00a0a helyi ad\u00f3kr\u00f3l<br \/>\n<a href=\"http:\/\/net.jogtar.hu\/jr\/gen\/hjegy_doc.cgi?docid=A1200147.TV\" target=\"_blank\" rel=\"noopener noreferrer\">2012. \u00e9vi CXLVII. t\u00f6rv\u00e9ny<\/a>\u00a0a kisad\u00f3z\u00f3 v\u00e1llalkoz\u00e1sok t\u00e9teles ad\u00f3j\u00e1r\u00f3l \u00e9s a kisv\u00e1llalati ad\u00f3r\u00f3l<br \/>\n<a href=\"http:\/\/net.jogtar.hu\/jr\/gen\/hjegy_doc.cgi?docid=A1200001.TV\" target=\"_blank\" rel=\"noopener noreferrer\">2012. \u00e9vi I. t\u00f6rv\u00e9ny<\/a> a munka t\u00f6rv\u00e9nyk\u00f6nyv\u00e9r\u0151l<br \/>\n<a href=\"http:\/\/net.jogtar.hu\/jr\/gen\/hjegy_doc.cgi?docid=A1100155.TV\" target=\"_blank\" rel=\"noopener noreferrer\">2011. \u00e9vi CLV. t\u00f6rv\u00e9ny<\/a>\u00a0a szakk\u00e9pz\u00e9si hozz\u00e1j\u00e1rul\u00e1sr\u00f3l \u00e9s a k\u00e9pz\u00e9s fejleszt\u00e9s\u00e9nek t\u00e1mogat\u00e1s\u00e1r\u00f3l<br \/>\n<a href=\"http:\/\/net.jogtar.hu\/jr\/gen\/hjegy_doc.cgi?docid=99500117.TV\" target=\"_blank\" rel=\"noopener noreferrer\">1995. \u00e9vi CXVII. t\u00f6rv\u00e9ny<\/a>\u00a0a szem\u00e9lyi j\u00f6vedelemad\u00f3r\u00f3l<br \/>\n<a href=\"http:\/\/net.jogtar.hu\/jr\/gen\/hjegy_doc.cgi?docid=A0000100.TV\" target=\"_blank\" rel=\"noopener noreferrer\">2000. \u00e9vi C. t\u00f6rv\u00e9ny<\/a>\u00a0a sz\u00e1mvitelr\u0151l<br \/>\n<a href=\"http:\/\/net.jogtar.hu\/jr\/gen\/hjegy_doc.cgi?docid=99700080.TV\" target=\"_blank\" rel=\"noopener noreferrer\">1997. \u00e9vi LXXX. t\u00f6rv\u00e9ny<\/a>\u00a0a t\u00e1rsadalombiztos\u00edt\u00e1s ell\u00e1t\u00e1saira \u00e9s a mag\u00e1nnyugd\u00edjra jogosultakr\u00f3l, valamint e szolg\u00e1ltat\u00e1sok fedezet\u00e9r\u0151l<br \/>\n<a href=\"http:\/\/net.jogtar.hu\/jr\/gen\/hjegy_doc.cgi?docid=99600081.TV\" target=\"_blank\" rel=\"noopener noreferrer\">1996. \u00e9vi LXXXI. t\u00f6rv\u00e9ny<\/a>\u00a0a t\u00e1rsas\u00e1gi ad\u00f3r\u00f3l \u00e9s az osztal\u00e9kad\u00f3r\u00f3l<br \/>\n<a href=\"http:\/\/net.jogtar.hu\/jr\/gen\/hjegy_doc.cgi?docid=A0300092.TV\" target=\"_blank\" rel=\"noopener noreferrer\">2003. \u00e9vi XCII. t\u00f6rv\u00e9ny<\/a> az ad\u00f3z\u00e1s rendj\u00e9r\u0151l<br \/>\n<a href=\"http:\/\/net.jogtar.hu\/jr\/gen\/hjegy_doc.cgi?docid=A0700127.TV\" target=\"_blank\" rel=\"noopener noreferrer\">2007. \u00e9vi CXXVII. t\u00f6rv\u00e9ny<\/a>\u00a0az \u00e1ltal\u00e1nos forgalmi ad\u00f3r\u00f3l<br \/>\n<a href=\"http:\/\/net.jogtar.hu\/jr\/gen\/hjegy_doc.cgi?docid=A1000075.TV\" target=\"_blank\" rel=\"noopener noreferrer\">2010. \u00e9vi LXXV. t\u00f6rv\u00e9ny<\/a> az egyszer\u0171s\u00edtett foglalkoztat\u00e1sr\u00f3l<br \/>\n<a href=\"http:\/\/net.jogtar.hu\/jr\/gen\/hjegy_doc.cgi?docid=A0200043.TV\" target=\"_blank\" rel=\"noopener noreferrer\">2002. \u00e9vi XLIII. t\u00f6rv\u00e9ny<\/a>\u00a0az egyszer\u0171s\u00edtett v\u00e1llalkoz\u00f3i ad\u00f3r\u00f3l<br \/>\n<a href=\"http:\/\/net.jogtar.hu\/jr\/gen\/hjegy_doc.cgi?docid=99000093.TV\" target=\"_blank\" rel=\"noopener noreferrer\">1990. \u00e9vi XCIII. t\u00f6rv\u00e9ny<\/a>\u00a0az illet\u00e9kekr\u0151l<\/p>\n<hr \/>\n<p>&nbsp;<\/p>\n","protected":false},"excerpt":{"rendered":"<p>Kij\u00e1r\u00e1si tilalom alatti munkav\u00e9gz\u00e9sr\u0151l sz\u00f3l\u00f3 igazol\u00e1s &#8211; let\u00f6lthet\u0151 igazol\u00e1s minta * Word form\u00e1tum * PDF form\u00e1tum \u00d6NKORM\u00c1NYZATI PORT\u00c1L NAV T\u00f6bb[&#8230;]<\/p>\n","protected":false},"author":1,"featured_media":0,"parent":0,"menu_order":0,"comment_status":"closed","ping_status":"closed","template":"","meta":{"footnotes":""},"class_list":["post-51","page","type-page","status-publish","hentry"],"_links":{"self":[{"href":"http:\/\/taxaktual.hu\/index.php\/wp-json\/wp\/v2\/pages\/51","targetHints":{"allow":["GET"]}}],"collection":[{"href":"http:\/\/taxaktual.hu\/index.php\/wp-json\/wp\/v2\/pages"}],"about":[{"href":"http:\/\/taxaktual.hu\/index.php\/wp-json\/wp\/v2\/types\/page"}],"author":[{"embeddable":true,"href":"http:\/\/taxaktual.hu\/index.php\/wp-json\/wp\/v2\/users\/1"}],"replies":[{"embeddable":true,"href":"http:\/\/taxaktual.hu\/index.php\/wp-json\/wp\/v2\/comments?post=51"}],"version-history":[{"count":46,"href":"http:\/\/taxaktual.hu\/index.php\/wp-json\/wp\/v2\/pages\/51\/revisions"}],"predecessor-version":[{"id":296,"href":"http:\/\/taxaktual.hu\/index.php\/wp-json\/wp\/v2\/pages\/51\/revisions\/296"}],"wp:attachment":[{"href":"http:\/\/taxaktual.hu\/index.php\/wp-json\/wp\/v2\/media?parent=51"}],"curies":[{"name":"wp","href":"https:\/\/api.w.org\/{rel}","templated":true}]}}