{"id":98,"date":"2017-02-25T18:51:24","date_gmt":"2017-02-25T17:51:24","guid":{"rendered":"http:\/\/taxaktual.hu\/?page_id=98"},"modified":"2019-03-21T23:29:27","modified_gmt":"2019-03-21T22:29:27","slug":"dokumentumok","status":"publish","type":"page","link":"http:\/\/taxaktual.hu\/index.php\/dokumentumok\/","title":{"rendered":"Dokumentumok"},"content":{"rendered":"<p><a href=\"http:\/\/taxaktual.hu\/wp-content\/uploads\/2019\/03\/\u0150stermel\u0151-nyilatkozata-j\u00e1rul\u00e9kfizet\u00e9sr\u0151l.pdf\">\u0150stermel\u0151 nyilatkozata j\u00e1rul\u00e9kfizet\u00e9sr\u0151l<\/a> (pdf form\u00e1tum)<br \/>\n<a href=\"http:\/\/taxaktual.hu\/wp-content\/uploads\/2019\/03\/\u0150stermel\u0151-nyilatkozata-j\u00e1rul\u00e9kfizet\u00e9sr\u0151l-1.docx\">\u0150stermel\u0151 nyilatkozata j\u00e1rul\u00e9kfizet\u00e9sr\u0151l<\/a> (szerkeszthet\u0151)<br \/>\n<a href=\"http:\/\/taxaktual.hu\/wp-content\/uploads\/2017\/02\/V\u00e1llalkoz\u00e1si-szerz\u0151d\u00e9s.pdf\">V\u00e1llalkoz\u00e1si szerz\u0151d\u00e9s<\/a>\u00a0(pdf form\u00e1tum)<br \/>\n<a href=\"http:\/\/taxaktual.hu\/wp-content\/uploads\/2017\/02\/V\u00e1llalkoz\u00e1si-szerz\u0151d\u00e9s.docx\">V\u00e1llalkoz\u00e1si szerz\u0151d\u00e9s<\/a>\u00a0(szerkeszthet\u0151)<br \/>\n<a href=\"http:\/\/taxaktual.hu\/wp-content\/uploads\/2017\/02\/Szigor\u00fa-sz\u00e1mad\u00e1s\u00fa-nyomtatv\u00e1nyok-nyilv\u00e1ntart\u00f3ja.pdf\">Szigor\u00fa sz\u00e1mad\u00e1s\u00fa nyomtatv\u00e1nyok nyilv\u00e1ntart\u00f3ja<\/a>\u00a0(pdf form\u00e1tum)<br \/>\n<a href=\"http:\/\/taxaktual.hu\/wp-content\/uploads\/2017\/02\/Szigor\u00fa-sz\u00e1mad\u00e1s\u00fa-nyomtatv\u00e1nyok-nyilv\u00e1ntart\u00f3ja.xls\">Szigor\u00fa sz\u00e1mad\u00e1s\u00fa nyomtatv\u00e1nyok nyilv\u00e1ntart\u00f3ja<\/a>\u00a0(szerkeszthet\u0151)<br \/>\n<a href=\"http:\/\/taxaktual.hu\/wp-content\/uploads\/2017\/02\/JELENL\u00c9TI-\u00cdV-1-m\u0171szakos.pdf\">JELENL\u00c9TI \u00cdV 1 m\u0171szakos<\/a>\u00a0(pdf form\u00e1tum)<br \/>\n<a href=\"http:\/\/taxaktual.hu\/wp-content\/uploads\/2017\/02\/JELENL\u00c9TI-\u00cdV-1-m\u0171szakos.xls\">JELENL\u00c9TI \u00cdV 1 m\u0171szakos<\/a>\u00a0\u00a0(szerkeszthet\u0151)<br \/>\n<a href=\"http:\/\/taxaktual.hu\/wp-content\/uploads\/2017\/02\/JELENL\u00c9TI-\u00cdV-2-m\u0171szakos.pdf\">JELENL\u00c9TI \u00cdV 2 m\u0171szakos<\/a>\u00a0(pdf form\u00e1tum)<br \/>\n<a href=\"http:\/\/taxaktual.hu\/wp-content\/uploads\/2017\/02\/JELENL\u00c9TI-\u00cdV-2-m\u0171szakos.xls\">JELENL\u00c9TI \u00cdV 2 m\u0171szakos<\/a>\u00a0(szerkeszthet\u0151)<\/p>\n","protected":false},"excerpt":{"rendered":"<p>\u0150stermel\u0151 nyilatkozata j\u00e1rul\u00e9kfizet\u00e9sr\u0151l (pdf form\u00e1tum) \u0150stermel\u0151 nyilatkozata j\u00e1rul\u00e9kfizet\u00e9sr\u0151l (szerkeszthet\u0151) V\u00e1llalkoz\u00e1si szerz\u0151d\u00e9s\u00a0(pdf form\u00e1tum) V\u00e1llalkoz\u00e1si szerz\u0151d\u00e9s\u00a0(szerkeszthet\u0151) Szigor\u00fa sz\u00e1mad\u00e1s\u00fa nyomtatv\u00e1nyok nyilv\u00e1ntart\u00f3ja\u00a0(pdf form\u00e1tum) Szigor\u00fa[&#8230;]<\/p>\n","protected":false},"author":1,"featured_media":0,"parent":0,"menu_order":0,"comment_status":"closed","ping_status":"closed","template":"","meta":{"footnotes":""},"class_list":["post-98","page","type-page","status-publish","hentry"],"_links":{"self":[{"href":"http:\/\/taxaktual.hu\/index.php\/wp-json\/wp\/v2\/pages\/98","targetHints":{"allow":["GET"]}}],"collection":[{"href":"http:\/\/taxaktual.hu\/index.php\/wp-json\/wp\/v2\/pages"}],"about":[{"href":"http:\/\/taxaktual.hu\/index.php\/wp-json\/wp\/v2\/types\/page"}],"author":[{"embeddable":true,"href":"http:\/\/taxaktual.hu\/index.php\/wp-json\/wp\/v2\/users\/1"}],"replies":[{"embeddable":true,"href":"http:\/\/taxaktual.hu\/index.php\/wp-json\/wp\/v2\/comments?post=98"}],"version-history":[{"count":10,"href":"http:\/\/taxaktual.hu\/index.php\/wp-json\/wp\/v2\/pages\/98\/revisions"}],"predecessor-version":[{"id":256,"href":"http:\/\/taxaktual.hu\/index.php\/wp-json\/wp\/v2\/pages\/98\/revisions\/256"}],"wp:attachment":[{"href":"http:\/\/taxaktual.hu\/index.php\/wp-json\/wp\/v2\/media?parent=98"}],"curies":[{"name":"wp","href":"https:\/\/api.w.org\/{rel}","templated":true}]}}